{"id":17644,"date":"2023-09-22T16:03:56","date_gmt":"2023-09-22T15:03:56","guid":{"rendered":"https:\/\/jmawireless.com\/cellhub\/"},"modified":"2025-12-05T17:39:30","modified_gmt":"2025-12-05T17:39:30","slug":"cellhub","status":"publish","type":"page","link":"https:\/\/jmawireless.com\/it\/cellhub\/","title":{"rendered":"CellHub\u2122"},"content":{"rendered":"\t\t<div data-elementor-type=\"wp-page\" data-elementor-id=\"17644\" class=\"elementor elementor-17644 elementor-9109\" data-elementor-post-type=\"page\">\n\t\t\t\t\t\t<section class=\"elementor-section elementor-top-section elementor-element elementor-element-7589a6b elementor-section-boxed elementor-section-height-default elementor-section-height-default\" data-id=\"7589a6b\" data-element_type=\"section\" data-settings=\"{&quot;background_background&quot;:&quot;classic&quot;,&quot;ekit_has_onepagescroll_dot&quot;:&quot;yes&quot;}\">\n\t\t\t\t\t\t<div class=\"elementor-container elementor-column-gap-default\">\n\t\t\t\t\t<div class=\"elementor-column elementor-col-100 elementor-top-column elementor-element elementor-element-0bebe2e\" data-id=\"0bebe2e\" data-element_type=\"column\">\n\t\t\t<div class=\"elementor-widget-wrap elementor-element-populated\">\n\t\t\t\t\t\t<div class=\"elementor-element elementor-element-a94b4fa elementor-widget elementor-widget-ekit_wb_51\" data-id=\"a94b4fa\" data-element_type=\"widget\" data-widget_type=\"ekit_wb_51.default\">\n\t\t\t\t<div class=\"elementor-widget-container\">\n\t\t\t\t\t<div class=\"page-header page-section  exclude-from-excerpt\" data-use-override-color=\"\" data-override-color=\"#000\">\n<div class=\"anchor\"><\/div>\n    <div class=\"header-content align-left\">\n        <p class=\"bold eyebrow text-light-sapphire\">PRODOTTI<\/p>\n        <h1 class=\"h1 text-white\">CellHub<\/h1>\n        <p class=\"p text-white copy\"><\/p>\n        <div class=\"button-container\" data-use-override-color=\"\">\n        <a class=\"primary-button  background-light-sapphire-button play-video\" href=\"#\" data-video=\"\">\n         <span>Play video<\/span>\n         <span>Play video<\/span>\n         <\/a>\n         <a class=\"primary-button  background-light-sapphire-button\" href=\"Link CTA\" >\n         <span>Button CTA<\/span>\n         <span>Button CTA<\/span>\n         <\/a>\n         <a class=\"primary-button  background-light-sapphire-button\" href=\"Link CTA\" >\n         <span>Button CTA<\/span>\n         <span>Button CTA<\/span>\n         <\/a>\n        <\/div>\n\n    <\/div>\n    <div class=\"scroll-menu light-sapphire \">\n        <a href=\"#\" class=\"bold caption jump-to\" onClick=\"(function(){ \n              if (document.querySelector('.scroll-menu').classList.contains('scrolled')) {document.querySelector('.scroll-menu').classList.remove('scrolled');}\n              else { document.querySelector('.scroll-menu').classList.add('scrolled'); }\n              return false;\n          })();return false;\">Jump to section<\/a>\n        <a href=\"#\" class=\"scroll-menu-button bold capition active\" onClick=\"(function(){ \n              document.querySelector('.page-header').scrollIntoView({ behavior: 'smooth'});\n              document.querySelector('.scroll-menu').classList.remove('scrolled');\n              return false;\n          })();return false;\">Overview<\/a>\n    <\/div>\n<\/div>\n\t\t\t\t\t\t<\/div>\n\t\t\t\t<\/div>\n\t\t\t\t\t<\/div>\n\t\t<\/div>\n\t\t\t\t\t<\/div>\n\t\t<\/section>\n\t\t\t\t<section class=\"elementor-section elementor-top-section elementor-element elementor-element-fe66622 page-section elementor-section-boxed elementor-section-height-default elementor-section-height-default\" data-id=\"fe66622\" data-element_type=\"section\" data-settings=\"{&quot;background_background&quot;:&quot;classic&quot;,&quot;ekit_has_onepagescroll_dot&quot;:&quot;yes&quot;}\">\n\t\t\t\t\t\t<div class=\"elementor-container elementor-column-gap-default\">\n\t\t\t\t\t<div class=\"elementor-column elementor-col-33 elementor-top-column elementor-element elementor-element-e357323\" data-id=\"e357323\" data-element_type=\"column\">\n\t\t\t<div class=\"elementor-widget-wrap elementor-element-populated\">\n\t\t\t\t\t\t<div class=\"elementor-element elementor-element-0e60a41 elementor-widget elementor-widget-text-editor\" data-id=\"0e60a41\" data-element_type=\"widget\" data-widget_type=\"text-editor.default\">\n\t\t\t\t<div class=\"elementor-widget-container\">\n\t\t\t\t\t\t\t\t\t<p>CellHub<sup>TM<\/sup> \u00e8 una radio multi-operatore, multi-banda e di media potenza, che consente ai fornitori di servizi di utilizzare con un&#8217;unica radio tutti i canali frammentati dell&#8217;intero spettro CBRS a 150 MHz.\n<\/br><\/br>\n<strong class=\"text-sapphire\">Caratteristiche:<\/strong><\/p>\n<ul>\n \t<li>Supporta lo spettro 1900, AWS-3, AWS-4 e CBRS<\/li>\n \t<li>Supporto daisy chain<\/li>\n \t<li>Copertura interna con singola radio fino a 20.000 metri quadrati<\/li>\n \t<li>Supporta l&#8217;implementazione sia indipendente sia in combinazione con DAS<\/li>\n \t<li>Larghezza di banda totale fino a 150 MHz<\/li>\n \t<li>Connettivit\u00e0 fronthaul in fibra per il massimo rendimento<\/li>\n<\/ul>\t\t\t\t\t\t\t\t<\/div>\n\t\t\t\t<\/div>\n\t\t\t\t\t<\/div>\n\t\t<\/div>\n\t\t\t\t<div class=\"elementor-column elementor-col-66 elementor-top-column elementor-element elementor-element-d926c42\" data-id=\"d926c42\" data-element_type=\"column\">\n\t\t\t<div class=\"elementor-widget-wrap elementor-element-populated\">\n\t\t\t\t\t\t<div class=\"elementor-element elementor-element-cea65e7 elementor-widget elementor-widget-image\" data-id=\"cea65e7\" data-element_type=\"widget\" data-widget_type=\"image.default\">\n\t\t\t\t<div class=\"elementor-widget-container\">\n\t\t\t\t\t\t\t\t\t\t\t\t\t\t\t<img fetchpriority=\"high\" decoding=\"async\" width=\"800\" height=\"711\" src=\"https:\/\/jmawireless.com\/wp-content\/uploads\/2023\/09\/cellhub.png\" class=\"attachment-large size-large wp-image-15532\" alt=\"\" srcset=\"https:\/\/jmawireless.com\/wp-content\/uploads\/2023\/09\/cellhub.png 994w, https:\/\/jmawireless.com\/wp-content\/uploads\/2023\/09\/cellhub-300x266.png 300w, https:\/\/jmawireless.com\/wp-content\/uploads\/2023\/09\/cellhub-768x682.png 768w\" sizes=\"(max-width: 800px) 100vw, 800px\" \/>\t\t\t\t\t\t\t\t\t\t\t\t\t\t\t<\/div>\n\t\t\t\t<\/div>\n\t\t\t\t\t<\/div>\n\t\t<\/div>\n\t\t\t\t\t<\/div>\n\t\t<\/section>\n\t\t\t\t<section class=\"elementor-section elementor-top-section elementor-element elementor-element-6270cfa elementor-section-boxed elementor-section-height-default elementor-section-height-default\" data-id=\"6270cfa\" data-element_type=\"section\" data-settings=\"{&quot;ekit_has_onepagescroll_dot&quot;:&quot;yes&quot;}\">\n\t\t\t\t\t\t<div class=\"elementor-container elementor-column-gap-default\">\n\t\t\t\t\t<div class=\"elementor-column elementor-col-100 elementor-top-column elementor-element elementor-element-9c16335\" data-id=\"9c16335\" data-element_type=\"column\">\n\t\t\t<div class=\"elementor-widget-wrap elementor-element-populated\">\n\t\t\t\t\t\t<div class=\"elementor-element elementor-element-6c027fd elementor-widget elementor-widget-trusted\" data-id=\"6c027fd\" data-element_type=\"widget\" data-widget_type=\"trusted.default\">\n\t\t\t\t<div class=\"elementor-widget-container\">\n\t\t\t\t\t<div class=\"page-section trusted-section\"><div class=\"card-container card-rose\">\n                        <div class=\"image-container \"><img decoding=\"async\" style=\"\" alt=\"card-image\" src=\"https:\/\/jmawireless.com\/wp-content\/uploads\/2023\/09\/cellhub-solution-brief.png\"><\/div>\n                        <style>\n                         .trusted-section .image-container img{\n                                width:139%;\n                                left:-18%;\n                                transform:translateY(-5%);\n                             }\n                             \n                             @media screen and (max-width:1100px){\n                                .trusted-section .image-container img{\n                                    transform:translateY(15%)!important;\n                                }\n                             }\n                        <\/style>\n                        <div class=\"card-content\">\n                            <h4>Sintesi sulla soluzione: CellHub<\/h4>              \n                            <p>Il mercato delle medie imprese rappresenta 49 milioni di metri quadrati di spazio per uffici negli Stati Uniti, occupati da un terzo della forza lavoro odierna. I CIO di queste aziende sono spesso indecisi sul modo pi\u00f9 semplice per attivare la copertura e la capacit\u00e0 wireless mobile nei loro edifici. Ora, i CIO possono ottenere ci\u00f2 che cercano in una soluzione appositamente progettata per soddisfare le loro esigenze  <\/p><a class=\"primary-button background-white-button show\" href=\"\/wireless-aziendale-multiservizio-virtualizzato-per-cbrs-e-rete-cellulare\" target=\"_blank\">\n                                <span>Scarica la sintesi sulla soluzione<\/span>\n                                <span>Scarica la sintesi sulla soluzione<\/span>\n                            <\/a><\/div><\/div><div class=\"page-content\"> <h2 class=\"page-title text-navy\"><\/h2> <p class=\"p icons-copy\"><\/p><\/div><div class=\"trusted-logos-container slider-container\"><div class=\"my-slider\"><\/div><\/div><\/div>\t\t\t\t<\/div>\n\t\t\t\t<\/div>\n\t\t\t\t\t<\/div>\n\t\t<\/div>\n\t\t\t\t\t<\/div>\n\t\t<\/section>\n\t\t\t\t<section class=\"elementor-section elementor-top-section elementor-element elementor-element-bcfe77b elementor-section-boxed elementor-section-height-default elementor-section-height-default\" data-id=\"bcfe77b\" data-element_type=\"section\" data-settings=\"{&quot;background_background&quot;:&quot;classic&quot;,&quot;ekit_has_onepagescroll_dot&quot;:&quot;yes&quot;}\">\n\t\t\t\t\t\t<div class=\"elementor-container elementor-column-gap-default\">\n\t\t\t\t\t<div class=\"elementor-column elementor-col-100 elementor-top-column elementor-element elementor-element-6f2c73e\" data-id=\"6f2c73e\" data-element_type=\"column\">\n\t\t\t<div class=\"elementor-widget-wrap elementor-element-populated\">\n\t\t\t\t\t\t<div class=\"elementor-element elementor-element-fc49a21 elementor-widget elementor-widget-readytotalk\" data-id=\"fc49a21\" data-element_type=\"widget\" data-widget_type=\"readytotalk.default\">\n\t\t\t\t<div class=\"elementor-widget-container\">\n\t\t\t\t\t<div class=\"page-section readytotalk-section\">\n                    <div class=\"page-content\">\n                        <h1 class=\"text-sapphire\">Pronti a parlare?<\/h1>\n                        <p class=\"h5\">Saremo lieti di conoscerti meglio e di aiutarti a reimmaginare la tua attivit\u00e0 ridefinendo la strategia di connettivit\u00e0 wireless.<\/p>\n                        <a class=\"primary-button background-sapphire-button show\" href=\"\/contatti\">\n                            <span>Contattaci<\/span>\n                            <span>Contattaci<\/span>\n                        <\/a>\n                    <\/div>\n                    <div class=\"link-container\"><div class=\"one-section\"><p>Sei alla ricerca di prodotti?<\/p><div class=\"link-item\">\n                                    <a href=\"\/it\/catalogo-prodotti\" class=\"text-sapphire bold\"><span class=\"text-sapphire\">Sfoglia il nostro catalogo prodotti<\/span><svg xmlns=\"http:\/\/www.w3.org\/2000\/svg\" width=\"13.914\" height=\"12.174\" viewBox=\"0 0 13.914 12.174\"><g id=\"Group_1293\" data-name=\"Group 1293\" transform=\"translate(-1627 -4576.533)\"><path id=\"Path_350\" data-name=\"Path 350\" d=\"M0,0,5.38,5.38,10.76,0\" transform=\"translate(1634.12 4588) rotate(-90)\" fill=\"none\" stroke=\"#005aa6\" stroke-width=\"2\"\/><g id=\"Group_1291\" data-name=\"Group 1291\" transform=\"translate(-23.5 -85.557)\"><line id=\"Line_1\" data-name=\"Line 1\" x1=\"12\" transform=\"translate(1650.5 4668.307)\" fill=\"none\" stroke=\"#005aa6\" stroke-width=\"2\"\/><\/g><\/g><\/svg><\/a>\n                                <\/div><\/div><div class=\"one-section\"><p>Continua a navigare<\/p><div class=\"link-item\">\n                                    <a href=\"\/it\/jma-soluzioni\/\" class=\"text-sapphire bold\"><span class=\"text-sapphire\">Esplora le nostre soluzioni di prodotto<\/span><svg xmlns=\"http:\/\/www.w3.org\/2000\/svg\" width=\"13.914\" height=\"12.174\" viewBox=\"0 0 13.914 12.174\"><g id=\"Group_1293\" data-name=\"Group 1293\" transform=\"translate(-1627 -4576.533)\"><path id=\"Path_350\" data-name=\"Path 350\" d=\"M0,0,5.38,5.38,10.76,0\" transform=\"translate(1634.12 4588) rotate(-90)\" fill=\"none\" stroke=\"#005aa6\" stroke-width=\"2\"\/><g id=\"Group_1291\" data-name=\"Group 1291\" transform=\"translate(-23.5 -85.557)\"><line id=\"Line_1\" data-name=\"Line 1\" x1=\"12\" transform=\"translate(1650.5 4668.307)\" fill=\"none\" stroke=\"#005aa6\" stroke-width=\"2\"\/><\/g><\/g><\/svg><\/a>\n                                <\/div><div class=\"link-item\">\n                                    <a href=\"\/soluzioni-di-settore\" class=\"text-sapphire bold\"><span class=\"text-sapphire\">Esplora le nostre soluzioni di settore<\/span><svg xmlns=\"http:\/\/www.w3.org\/2000\/svg\" width=\"13.914\" height=\"12.174\" viewBox=\"0 0 13.914 12.174\"><g id=\"Group_1293\" data-name=\"Group 1293\" transform=\"translate(-1627 -4576.533)\"><path id=\"Path_350\" data-name=\"Path 350\" d=\"M0,0,5.38,5.38,10.76,0\" transform=\"translate(1634.12 4588) rotate(-90)\" fill=\"none\" stroke=\"#005aa6\" stroke-width=\"2\"\/><g id=\"Group_1291\" data-name=\"Group 1291\" transform=\"translate(-23.5 -85.557)\"><line id=\"Line_1\" data-name=\"Line 1\" x1=\"12\" transform=\"translate(1650.5 4668.307)\" fill=\"none\" stroke=\"#005aa6\" stroke-width=\"2\"\/><\/g><\/g><\/svg><\/a>\n                                <\/div><\/div><\/div><\/div>\t\t\t\t<\/div>\n\t\t\t\t<\/div>\n\t\t\t\t\t<\/div>\n\t\t<\/div>\n\t\t\t\t\t<\/div>\n\t\t<\/section>\n\t\t\t\t<\/div>\n\t\t","protected":false},"excerpt":{"rendered":"<p>PRODOTTI CellHub Play video Play video Button CTA Button CTA Button CTA Button CTA Jump to section Overview CellHubTM \u00e8 una radio multi-operatore, multi-banda e di media potenza, che consente ai fornitori di servizi di utilizzare con un&#8217;unica radio tutti i canali frammentati dell&#8217;intero spettro CBRS a 150 MHz. Caratteristiche: Supporta lo spettro 1900, AWS-3, [&hellip;]<\/p>\n","protected":false},"author":4,"featured_media":0,"parent":0,"menu_order":0,"comment_status":"closed","ping_status":"closed","template":"","meta":{"_acf_changed":false,"content-type":"","inline_featured_image":false,"_monsterinsights_skip_tracking":false,"_monsterinsights_sitenote_active":false,"_monsterinsights_sitenote_note":"","_monsterinsights_sitenote_category":0,"footnotes":""},"categories":[],"tags":[76],"class_list":["post-17644","page","type-page","status-publish","hentry","tag-copied-for-translation-it"],"acf":[],"yoast_head":"<!-- This site is optimized with the Yoast SEO plugin v26.4 - https:\/\/yoast.com\/wordpress\/plugins\/seo\/ -->\n<title>CellHub\u2122 - JMA<\/title>\n<meta name=\"robots\" content=\"index, follow, max-snippet:-1, max-image-preview:large, max-video-preview:-1\" \/>\n<link rel=\"canonical\" href=\"https:\/\/jmawireless.com\/it\/cellhub\/\" \/>\n<meta property=\"og:locale\" content=\"it_IT\" \/>\n<meta property=\"og:type\" content=\"article\" \/>\n<meta property=\"og:title\" content=\"CellHub\u2122 - JMA\" \/>\n<meta property=\"og:description\" content=\"PRODOTTI CellHub Play video Play video Button CTA Button CTA Button CTA Button CTA Jump to section Overview CellHubTM \u00e8 una radio multi-operatore, multi-banda e di media potenza, che consente ai fornitori di servizi di utilizzare con un&#8217;unica radio tutti i canali frammentati dell&#8217;intero spettro CBRS a 150 MHz. Caratteristiche: Supporta lo spettro 1900, AWS-3, [&hellip;]\" \/>\n<meta property=\"og:url\" content=\"https:\/\/jmawireless.com\/it\/cellhub\/\" \/>\n<meta property=\"og:site_name\" content=\"JMA\" \/>\n<meta property=\"article:modified_time\" content=\"2025-12-05T17:39:30+00:00\" \/>\n<meta property=\"og:image\" content=\"https:\/\/jmawireless.com\/wp-content\/uploads\/2023\/09\/cellhub.png\" \/>\n\t<meta property=\"og:image:width\" content=\"994\" \/>\n\t<meta property=\"og:image:height\" content=\"883\" \/>\n\t<meta property=\"og:image:type\" content=\"image\/png\" \/>\n<meta name=\"twitter:card\" content=\"summary_large_image\" \/>\n<meta name=\"twitter:label1\" content=\"Tempo di lettura stimato\" \/>\n\t<meta name=\"twitter:data1\" content=\"2 minuti\" \/>\n<script type=\"application\/ld+json\" class=\"yoast-schema-graph\">{\"@context\":\"https:\/\/schema.org\",\"@graph\":[{\"@type\":\"WebPage\",\"@id\":\"https:\/\/jmawireless.com\/it\/cellhub\/\",\"url\":\"https:\/\/jmawireless.com\/it\/cellhub\/\",\"name\":\"CellHub\u2122 - JMA\",\"isPartOf\":{\"@id\":\"https:\/\/jmawireless.com\/it\/#website\"},\"primaryImageOfPage\":{\"@id\":\"https:\/\/jmawireless.com\/it\/cellhub\/#primaryimage\"},\"image\":{\"@id\":\"https:\/\/jmawireless.com\/it\/cellhub\/#primaryimage\"},\"thumbnailUrl\":\"https:\/\/jmawireless.com\/wp-content\/uploads\/2023\/09\/cellhub.png\",\"datePublished\":\"2023-09-22T15:03:56+00:00\",\"dateModified\":\"2025-12-05T17:39:30+00:00\",\"breadcrumb\":{\"@id\":\"https:\/\/jmawireless.com\/it\/cellhub\/#breadcrumb\"},\"inLanguage\":\"it-IT\",\"potentialAction\":[{\"@type\":\"ReadAction\",\"target\":[\"https:\/\/jmawireless.com\/it\/cellhub\/\"]}]},{\"@type\":\"ImageObject\",\"inLanguage\":\"it-IT\",\"@id\":\"https:\/\/jmawireless.com\/it\/cellhub\/#primaryimage\",\"url\":\"https:\/\/jmawireless.com\/wp-content\/uploads\/2023\/09\/cellhub.png\",\"contentUrl\":\"https:\/\/jmawireless.com\/wp-content\/uploads\/2023\/09\/cellhub.png\"},{\"@type\":\"BreadcrumbList\",\"@id\":\"https:\/\/jmawireless.com\/it\/cellhub\/#breadcrumb\",\"itemListElement\":[{\"@type\":\"ListItem\",\"position\":1,\"name\":\"Home\",\"item\":\"https:\/\/jmawireless.com\/it\/\"},{\"@type\":\"ListItem\",\"position\":2,\"name\":\"CellHub\u2122\"}]},{\"@type\":\"WebSite\",\"@id\":\"https:\/\/jmawireless.com\/it\/#website\",\"url\":\"https:\/\/jmawireless.com\/it\/\",\"name\":\"JMA\",\"description\":\"Redefining wireless\",\"publisher\":{\"@id\":\"https:\/\/jmawireless.com\/it\/#organization\"},\"potentialAction\":[{\"@type\":\"SearchAction\",\"target\":{\"@type\":\"EntryPoint\",\"urlTemplate\":\"https:\/\/jmawireless.com\/it\/?s={search_term_string}\"},\"query-input\":{\"@type\":\"PropertyValueSpecification\",\"valueRequired\":true,\"valueName\":\"search_term_string\"}}],\"inLanguage\":\"it-IT\"},{\"@type\":\"Organization\",\"@id\":\"https:\/\/jmawireless.com\/it\/#organization\",\"name\":\"JMA\",\"url\":\"https:\/\/jmawireless.com\/it\/\",\"logo\":{\"@type\":\"ImageObject\",\"inLanguage\":\"it-IT\",\"@id\":\"https:\/\/jmawireless.com\/it\/#\/schema\/logo\/image\/\",\"url\":\"https:\/\/jmawireless.com\/wp-content\/uploads\/2023\/09\/JMA-logo.svg\",\"contentUrl\":\"https:\/\/jmawireless.com\/wp-content\/uploads\/2023\/09\/JMA-logo.svg\",\"width\":92,\"height\":50,\"caption\":\"JMA\"},\"image\":{\"@id\":\"https:\/\/jmawireless.com\/it\/#\/schema\/logo\/image\/\"}}]}<\/script>\n<!-- \/ Yoast SEO plugin. -->","yoast_head_json":{"title":"CellHub\u2122 - JMA","robots":{"index":"index","follow":"follow","max-snippet":"max-snippet:-1","max-image-preview":"max-image-preview:large","max-video-preview":"max-video-preview:-1"},"canonical":"https:\/\/jmawireless.com\/it\/cellhub\/","og_locale":"it_IT","og_type":"article","og_title":"CellHub\u2122 - JMA","og_description":"PRODOTTI CellHub Play video Play video Button CTA Button CTA Button CTA Button CTA Jump to section Overview CellHubTM \u00e8 una radio multi-operatore, multi-banda e di media potenza, che consente ai fornitori di servizi di utilizzare con un&#8217;unica radio tutti i canali frammentati dell&#8217;intero spettro CBRS a 150 MHz. Caratteristiche: Supporta lo spettro 1900, AWS-3, [&hellip;]","og_url":"https:\/\/jmawireless.com\/it\/cellhub\/","og_site_name":"JMA","article_modified_time":"2025-12-05T17:39:30+00:00","og_image":[{"width":994,"height":883,"url":"https:\/\/jmawireless.com\/wp-content\/uploads\/2023\/09\/cellhub.png","type":"image\/png"}],"twitter_card":"summary_large_image","twitter_misc":{"Tempo di lettura stimato":"2 minuti"},"schema":{"@context":"https:\/\/schema.org","@graph":[{"@type":"WebPage","@id":"https:\/\/jmawireless.com\/it\/cellhub\/","url":"https:\/\/jmawireless.com\/it\/cellhub\/","name":"CellHub\u2122 - JMA","isPartOf":{"@id":"https:\/\/jmawireless.com\/it\/#website"},"primaryImageOfPage":{"@id":"https:\/\/jmawireless.com\/it\/cellhub\/#primaryimage"},"image":{"@id":"https:\/\/jmawireless.com\/it\/cellhub\/#primaryimage"},"thumbnailUrl":"https:\/\/jmawireless.com\/wp-content\/uploads\/2023\/09\/cellhub.png","datePublished":"2023-09-22T15:03:56+00:00","dateModified":"2025-12-05T17:39:30+00:00","breadcrumb":{"@id":"https:\/\/jmawireless.com\/it\/cellhub\/#breadcrumb"},"inLanguage":"it-IT","potentialAction":[{"@type":"ReadAction","target":["https:\/\/jmawireless.com\/it\/cellhub\/"]}]},{"@type":"ImageObject","inLanguage":"it-IT","@id":"https:\/\/jmawireless.com\/it\/cellhub\/#primaryimage","url":"https:\/\/jmawireless.com\/wp-content\/uploads\/2023\/09\/cellhub.png","contentUrl":"https:\/\/jmawireless.com\/wp-content\/uploads\/2023\/09\/cellhub.png"},{"@type":"BreadcrumbList","@id":"https:\/\/jmawireless.com\/it\/cellhub\/#breadcrumb","itemListElement":[{"@type":"ListItem","position":1,"name":"Home","item":"https:\/\/jmawireless.com\/it\/"},{"@type":"ListItem","position":2,"name":"CellHub\u2122"}]},{"@type":"WebSite","@id":"https:\/\/jmawireless.com\/it\/#website","url":"https:\/\/jmawireless.com\/it\/","name":"JMA","description":"Redefining wireless","publisher":{"@id":"https:\/\/jmawireless.com\/it\/#organization"},"potentialAction":[{"@type":"SearchAction","target":{"@type":"EntryPoint","urlTemplate":"https:\/\/jmawireless.com\/it\/?s={search_term_string}"},"query-input":{"@type":"PropertyValueSpecification","valueRequired":true,"valueName":"search_term_string"}}],"inLanguage":"it-IT"},{"@type":"Organization","@id":"https:\/\/jmawireless.com\/it\/#organization","name":"JMA","url":"https:\/\/jmawireless.com\/it\/","logo":{"@type":"ImageObject","inLanguage":"it-IT","@id":"https:\/\/jmawireless.com\/it\/#\/schema\/logo\/image\/","url":"https:\/\/jmawireless.com\/wp-content\/uploads\/2023\/09\/JMA-logo.svg","contentUrl":"https:\/\/jmawireless.com\/wp-content\/uploads\/2023\/09\/JMA-logo.svg","width":92,"height":50,"caption":"JMA"},"image":{"@id":"https:\/\/jmawireless.com\/it\/#\/schema\/logo\/image\/"}}]}},"_links":{"self":[{"href":"https:\/\/jmawireless.com\/it\/wp-json\/wp\/v2\/pages\/17644","targetHints":{"allow":["GET"]}}],"collection":[{"href":"https:\/\/jmawireless.com\/it\/wp-json\/wp\/v2\/pages"}],"about":[{"href":"https:\/\/jmawireless.com\/it\/wp-json\/wp\/v2\/types\/page"}],"author":[{"embeddable":true,"href":"https:\/\/jmawireless.com\/it\/wp-json\/wp\/v2\/users\/4"}],"replies":[{"embeddable":true,"href":"https:\/\/jmawireless.com\/it\/wp-json\/wp\/v2\/comments?post=17644"}],"version-history":[{"count":3,"href":"https:\/\/jmawireless.com\/it\/wp-json\/wp\/v2\/pages\/17644\/revisions"}],"predecessor-version":[{"id":24731,"href":"https:\/\/jmawireless.com\/it\/wp-json\/wp\/v2\/pages\/17644\/revisions\/24731"}],"wp:attachment":[{"href":"https:\/\/jmawireless.com\/it\/wp-json\/wp\/v2\/media?parent=17644"}],"wp:term":[{"taxonomy":"category","embeddable":true,"href":"https:\/\/jmawireless.com\/it\/wp-json\/wp\/v2\/categories?post=17644"},{"taxonomy":"post_tag","embeddable":true,"href":"https:\/\/jmawireless.com\/it\/wp-json\/wp\/v2\/tags?post=17644"}],"curies":[{"name":"wp","href":"https:\/\/api.w.org\/{rel}","templated":true}]}}