{"id":17422,"date":"2023-08-25T10:54:59","date_gmt":"2023-08-25T09:54:59","guid":{"rendered":"https:\/\/jmawireless.com\/soluzioni-jma\/"},"modified":"2025-12-05T16:17:32","modified_gmt":"2025-12-05T16:17:32","slug":"jma-soluzioni","status":"publish","type":"page","link":"https:\/\/jmawireless.com\/it\/jma-soluzioni\/","title":{"rendered":"JMA Soluzioni"},"content":{"rendered":"\t\t<div data-elementor-type=\"wp-page\" data-elementor-id=\"17422\" class=\"elementor elementor-17422 elementor-2605\" data-elementor-post-type=\"page\">\n\t\t\t\t\t\t<section class=\"elementor-section elementor-top-section elementor-element elementor-element-ee16cfb elementor-section-boxed elementor-section-height-default elementor-section-height-default\" data-id=\"ee16cfb\" data-element_type=\"section\" data-settings=\"{&quot;background_background&quot;:&quot;slideshow&quot;,&quot;background_slideshow_gallery&quot;:[{&quot;id&quot;:3127,&quot;url&quot;:&quot;https:\\\/\\\/jmawireless.com\\\/wp-content\\\/uploads\\\/2023\\\/09\\\/JH_Stadium_00008-copy-2-scaled.jpg&quot;},{&quot;id&quot;:7785,&quot;url&quot;:&quot;https:\\\/\\\/jmawireless.com\\\/wp-content\\\/uploads\\\/2023\\\/09\\\/private-wireless-solutions-header-scaled.jpg&quot;},{&quot;id&quot;:9734,&quot;url&quot;:&quot;https:\\\/\\\/jmawireless.com\\\/wp-content\\\/uploads\\\/2023\\\/09\\\/jma-solutions-transmission-line-systems.jpg&quot;}],&quot;background_slideshow_slide_duration&quot;:4000,&quot;background_slideshow_lazyload&quot;:&quot;yes&quot;,&quot;background_slideshow_loop&quot;:&quot;yes&quot;,&quot;background_slideshow_slide_transition&quot;:&quot;fade&quot;,&quot;background_slideshow_transition_duration&quot;:500,&quot;ekit_has_onepagescroll_dot&quot;:&quot;yes&quot;}\">\n\t\t\t\t\t\t\t<div class=\"elementor-background-overlay\"><\/div>\n\t\t\t\t\t\t\t<div class=\"elementor-container elementor-column-gap-default\">\n\t\t\t\t\t<div class=\"elementor-column elementor-col-100 elementor-top-column elementor-element elementor-element-4f43774\" data-id=\"4f43774\" data-element_type=\"column\">\n\t\t\t<div class=\"elementor-widget-wrap elementor-element-populated\">\n\t\t\t\t\t\t<div class=\"elementor-element elementor-element-2c1e983 elementor-widget elementor-widget-ekit_wb_51\" data-id=\"2c1e983\" data-element_type=\"widget\" data-widget_type=\"ekit_wb_51.default\">\n\t\t\t\t<div class=\"elementor-widget-container\">\n\t\t\t\t\t<div class=\"page-header page-section  exclude-from-excerpt\" data-use-override-color=\"\" data-override-color=\"#000\">\n<div class=\"anchor\"><\/div>\n    <div class=\"header-content align-left\">\n        <p class=\"bold eyebrow text-light-sapphire\"><span class=\"text-white\">JMA SOLUTIONS<\/span><\/p>\n        <h1 class=\"h1 text-white\">Ripensare il wireless<br><span>per ottimizzare<br>la tua attivit\u00e0.<\/span><\/h1>\n        <p class=\"p text-white copy\"><\/p>\n        <div class=\"button-container\" data-use-override-color=\"\">\n        <a class=\"primary-button  background-light-sapphire-button play-video\" href=\"#\" data-video=\"\">\n         <span>Play video<\/span>\n         <span>Play video<\/span>\n         <\/a>\n         <a class=\"primary-button  background-light-sapphire-button\" href=\"Link CTA\" >\n         <span>Button CTA<\/span>\n         <span>Button CTA<\/span>\n         <\/a>\n         <a class=\"primary-button  background-light-sapphire-button\" href=\"Link CTA\" >\n         <span>Button CTA<\/span>\n         <span>Button CTA<\/span>\n         <\/a>\n        <\/div>\n\n    <\/div>\n    <div class=\"scroll-menu light-sapphire \">\n        <a href=\"#\" class=\"bold caption jump-to\" onClick=\"(function(){ \n              if (document.querySelector('.scroll-menu').classList.contains('scrolled')) {document.querySelector('.scroll-menu').classList.remove('scrolled');}\n              else { document.querySelector('.scroll-menu').classList.add('scrolled'); }\n              return false;\n          })();return false;\">Jump to section<\/a>\n        <a href=\"#\" class=\"scroll-menu-button bold capition active\" onClick=\"(function(){ \n              document.querySelector('.page-header').scrollIntoView({ behavior: 'smooth'});\n              document.querySelector('.scroll-menu').classList.remove('scrolled');\n              return false;\n          })();return false;\">Overview<\/a>\n    <\/div>\n<\/div>\n\t\t\t\t\t\t<\/div>\n\t\t\t\t<\/div>\n\t\t\t\t\t<\/div>\n\t\t<\/div>\n\t\t\t\t\t<\/div>\n\t\t<\/section>\n\t\t\t\t<section class=\"elementor-section elementor-top-section elementor-element elementor-element-19ed06c elementor-section-boxed elementor-section-height-default elementor-section-height-default\" data-id=\"19ed06c\" data-element_type=\"section\" data-settings=\"{&quot;ekit_has_onepagescroll_dot&quot;:&quot;yes&quot;}\">\n\t\t\t\t\t\t<div class=\"elementor-container elementor-column-gap-default\">\n\t\t\t\t\t<div class=\"elementor-column elementor-col-100 elementor-top-column elementor-element elementor-element-62a4731\" data-id=\"62a4731\" data-element_type=\"column\">\n\t\t\t<div class=\"elementor-widget-wrap elementor-element-populated\">\n\t\t\t\t\t\t<div class=\"elementor-element elementor-element-ec3f731 elementor-widget elementor-widget-ekit_wb_308\" data-id=\"ec3f731\" data-element_type=\"widget\" data-widget_type=\"ekit_wb_308.default\">\n\t\t\t\t<div class=\"elementor-widget-container\">\n\t\t\t\t\t\n\n<div class=\"mission-container page-section \" id=\"Some Text\" data-menu=\"Some Text\">\n    <div class=\"anchor\"><\/div>\n    <div class=\"mission-content \">\n    <h2 class=\"title text-navy theme-sapphire\"><\/h2>\n    <p class=\"h5 copy text-navy\">JMA Wireless \u00e8 leader dell'innovazione globale per le soluzioni di connettivit\u00e0 mobile wireless che garantiscono affidabilit\u00e0 per le infrastrutture, semplificano gli interventi di assistenza e ottimizzano le prestazioni wireless. Grazie a potenti innovazioni brevettate, il nostro portafoglio di soluzioni \u00e8 in grado di ridurre i costi delle operazioni in modo comprovato, garantendo al contempo una qualit\u00e0 elevata delle apparecchiature per l'intera vita utile e prestazioni senza confronti in termini di copertura e dati mobili ad alta velocit\u00e0.<\/p>\n    <div class=\"buttons-container\">\n        <a class=\"primary-button background-sapphire-button show \" href=\"\/it\/contatti\/\" >\n<span>Contattaci<\/span>\n<span>Contattaci<\/span>\n<\/a>\n<a class=\"primary-button background-sapphire-button show hide\" href=\"Some Text\" >\n<span>Join our partner network<\/span>\n<span>Join our partner network<\/span>\n<\/a>\n    <\/div>\n<\/div>\n<\/div>\n\t\t\t\t\t\t<\/div>\n\t\t\t\t<\/div>\n\t\t\t\t\t<\/div>\n\t\t<\/div>\n\t\t\t\t\t<\/div>\n\t\t<\/section>\n\t\t\t\t<section class=\"elementor-section elementor-top-section elementor-element elementor-element-5fe324c elementor-section-boxed elementor-section-height-default elementor-section-height-default\" data-id=\"5fe324c\" data-element_type=\"section\" data-settings=\"{&quot;ekit_has_onepagescroll_dot&quot;:&quot;yes&quot;}\">\n\t\t\t\t\t\t<div class=\"elementor-container elementor-column-gap-default\">\n\t\t\t\t\t<div class=\"elementor-column elementor-col-100 elementor-top-column elementor-element elementor-element-78174c3\" data-id=\"78174c3\" data-element_type=\"column\">\n\t\t\t<div class=\"elementor-widget-wrap elementor-element-populated\">\n\t\t\t\t\t\t<div class=\"elementor-element elementor-element-2c32e4e elementor-widget elementor-widget-ekit_wb_64\" data-id=\"2c32e4e\" data-element_type=\"widget\" data-widget_type=\"ekit_wb_64.default\">\n\t\t\t\t<div class=\"elementor-widget-container\">\n\t\t\t\t\t<section class=\"page-section hide-border border-orange small-video \" id=\"Some Text\" data-menu=\"Some Text\">\n<div class=\"two-columns reverse large-media\">\n  <div class=\"column content-column\">\n      <h2><p class=\"text-orange bold\">SISTEMI DI ANTENNE DISTRIBUITE<\/p>Anche se il gioco cambia, <span class=\"bold\">il nostro DAS non ne ha bisogno.<\/span><\/h2>\n      <p><p>Offriamo una mobilit\u00e0 senza interruzioni e senza vincoli per rendere pi\u00f9 flessibile, sostenibile ed economica la copertura all'interno degli edifici e fornire valore aggiunto durevole.<\/p><\/p>\n      <a class=\"primary-button show background-orange-button\" href=\"\/jma-solutions\/sistemi-di-antenne-distribuite\" >\n         <span class=\"semibold\">Scopri JMA DAS<\/span>\n         <span class=\"semibold\">Scopri JMA DAS<\/span>\n      <\/a>\n  <\/div>\n  <div class=\"image-container hide-video video play-video column media-column media-width\" data-video=\"Some Text\">\n       <img decoding=\"async\" src=\"https:\/\/jmawireless.com\/wp-content\/uploads\/2024\/10\/jma-solutions-distributed-antenna-systems.jpg\" alt=\"image\">\n       <div class=\"play-button hide-video\"><svg xmlns=\"http:\/\/www.w3.org\/2000\/svg\" width=\"14\" height=\"17\" viewBox=\"0 0 14 17\"><path id=\"Polygon_8\" data-name=\"Polygon 8\" d=\"M8.5,0,17,14H0Z\" transform=\"translate(14) rotate(90)\" fill=\"#005aa6\"><\/path><\/svg><\/div>\n  <\/div>\n<\/div>\n<\/section>\n\n\n\t\t\t\t\t\t<\/div>\n\t\t\t\t<\/div>\n\t\t\t\t<div class=\"elementor-element elementor-element-97eeb82 elementor-widget elementor-widget-ekit_wb_64\" data-id=\"97eeb82\" data-element_type=\"widget\" data-widget_type=\"ekit_wb_64.default\">\n\t\t\t\t<div class=\"elementor-widget-container\">\n\t\t\t\t\t<section class=\"page-section hide-border border-rose small-video \" id=\"Some Text\" data-menu=\"Some Text\">\n<div class=\"two-columns  large-media\">\n  <div class=\"column content-column\">\n      <h2><p class=\"text-rose bold\">SOLUZIONI PER IL WIRELESS PRIVATO<\/p> Un'unica rete, <span class=\"bold\">un potenziale illimitato.<\/span><\/h2>\n      <p><p>La piattaforma per il wireless privato di JMA fornisce una connettivit\u00e0 senza interruzioni negli ambienti complessi, con soluzioni innovative per le attuali esigenze aziendali e progettualit\u00e0 per le sfide della trasformazione digitale del futuro.<\/p><\/p>\n      <a class=\"primary-button show background-rose-button\" href=\"\/it\/jma-soluzioni\/soluzioni-per-il-wireless-privato\/\" >\n         <span class=\"semibold\">Soluzioni per il wireless privato<\/span>\n         <span class=\"semibold\">Soluzioni per il wireless privato<\/span>\n      <\/a>\n  <\/div>\n  <div class=\"image-container hide-video video play-video column media-column media-width\" data-video=\"Some Text\">\n       <img decoding=\"async\" src=\"https:\/\/jmawireless.com\/wp-content\/uploads\/2024\/10\/jma-solutions-private-wireless-networks.jpg\" alt=\"image\">\n       <div class=\"play-button hide-video\"><svg xmlns=\"http:\/\/www.w3.org\/2000\/svg\" width=\"14\" height=\"17\" viewBox=\"0 0 14 17\"><path id=\"Polygon_8\" data-name=\"Polygon 8\" d=\"M8.5,0,17,14H0Z\" transform=\"translate(14) rotate(90)\" fill=\"#005aa6\"><\/path><\/svg><\/div>\n  <\/div>\n<\/div>\n<\/section>\n\n\n\t\t\t\t\t\t<\/div>\n\t\t\t\t<\/div>\n\t\t\t\t<div class=\"elementor-element elementor-element-a615919 elementor-widget elementor-widget-ekit_wb_64\" data-id=\"a615919\" data-element_type=\"widget\" data-widget_type=\"ekit_wb_64.default\">\n\t\t\t\t<div class=\"elementor-widget-container\">\n\t\t\t\t\t<section class=\"page-section hide-border border-green small-video \" id=\"Some Text\" data-menu=\"Some Text\">\n<div class=\"two-columns reverse large-media\">\n  <div class=\"column content-column\">\n      <h2><p class=\"text-green bold\">SISTEMI DI LINEE DI TRASMISSIONE<\/p>Ci proiettiamo verso nuovi orizzonti <span class=\"bold\"> cche gli altri non possono raggiungere.<\/span><\/h2>\n      <p><p>Macro-antenne, piccole celle e connettori progettati senza compromessi. Per alimentare le attuali reti essenziali con prestazioni superiori e creare connessioni durevoli nel tempo.<\/p><\/p>\n      <a class=\"primary-button show background-green-button\" href=\"\/jma-solutions\/sistemi-di-linee-di-trasmissione\" >\n         <span class=\"semibold\">Scopri JMA TLS<\/span>\n         <span class=\"semibold\">Scopri JMA TLS<\/span>\n      <\/a>\n  <\/div>\n  <div class=\"image-container hide-video video play-video column media-column media-width\" data-video=\"Some Text\">\n       <img decoding=\"async\" src=\"https:\/\/jmawireless.com\/wp-content\/uploads\/2023\/09\/jma-tls-cta.png\" alt=\"image\">\n       <div class=\"play-button hide-video\"><svg xmlns=\"http:\/\/www.w3.org\/2000\/svg\" width=\"14\" height=\"17\" viewBox=\"0 0 14 17\"><path id=\"Polygon_8\" data-name=\"Polygon 8\" d=\"M8.5,0,17,14H0Z\" transform=\"translate(14) rotate(90)\" fill=\"#005aa6\"><\/path><\/svg><\/div>\n  <\/div>\n<\/div>\n<\/section>\n\n\n\t\t\t\t\t\t<\/div>\n\t\t\t\t<\/div>\n\t\t\t\t\t<\/div>\n\t\t<\/div>\n\t\t\t\t\t<\/div>\n\t\t<\/section>\n\t\t\t\t<\/div>\n\t\t","protected":false},"excerpt":{"rendered":"<p>JMA SOLUTIONS Ripensare il wirelessper ottimizzarela tua attivit\u00e0. Play video Play video Button CTA Button CTA Button CTA Button CTA Jump to section Overview JMA Wireless \u00e8 leader dell&#8217;innovazione globale per le soluzioni di connettivit\u00e0 mobile wireless che garantiscono affidabilit\u00e0 per le infrastrutture, semplificano gli interventi di assistenza e ottimizzano le prestazioni wireless. Grazie a [&hellip;]<\/p>\n","protected":false},"author":4,"featured_media":0,"parent":0,"menu_order":0,"comment_status":"closed","ping_status":"closed","template":"","meta":{"_acf_changed":false,"content-type":"","inline_featured_image":false,"_monsterinsights_skip_tracking":false,"_monsterinsights_sitenote_active":false,"_monsterinsights_sitenote_note":"","_monsterinsights_sitenote_category":0,"footnotes":""},"categories":[],"tags":[76],"class_list":["post-17422","page","type-page","status-publish","hentry","tag-copied-for-translation-it"],"acf":[],"yoast_head":"<!-- This site is optimized with the Yoast SEO plugin v26.4 - https:\/\/yoast.com\/wordpress\/plugins\/seo\/ -->\n<title>JMA Soluzioni - JMA<\/title>\n<meta name=\"robots\" content=\"index, follow, max-snippet:-1, max-image-preview:large, max-video-preview:-1\" \/>\n<link rel=\"canonical\" href=\"https:\/\/jmawireless.com\/it\/jma-soluzioni\/\" \/>\n<meta property=\"og:locale\" content=\"it_IT\" \/>\n<meta property=\"og:type\" content=\"article\" \/>\n<meta property=\"og:title\" content=\"JMA Soluzioni - JMA\" \/>\n<meta property=\"og:description\" content=\"JMA SOLUTIONS Ripensare il wirelessper ottimizzarela tua attivit\u00e0. Play video Play video Button CTA Button CTA Button CTA Button CTA Jump to section Overview JMA Wireless \u00e8 leader dell&#8217;innovazione globale per le soluzioni di connettivit\u00e0 mobile wireless che garantiscono affidabilit\u00e0 per le infrastrutture, semplificano gli interventi di assistenza e ottimizzano le prestazioni wireless. Grazie a [&hellip;]\" \/>\n<meta property=\"og:url\" content=\"https:\/\/jmawireless.com\/it\/jma-soluzioni\/\" \/>\n<meta property=\"og:site_name\" content=\"JMA\" \/>\n<meta property=\"article:modified_time\" content=\"2025-12-05T16:17:32+00:00\" \/>\n<meta property=\"og:image\" content=\"https:\/\/jmawireless.com\/wp-content\/uploads\/2024\/10\/jma-solutions-distributed-antenna-systems.jpg\" \/>\n<meta name=\"twitter:card\" content=\"summary_large_image\" \/>\n<meta name=\"twitter:label1\" content=\"Tempo di lettura stimato\" \/>\n\t<meta name=\"twitter:data1\" content=\"2 minuti\" \/>\n<script type=\"application\/ld+json\" class=\"yoast-schema-graph\">{\"@context\":\"https:\/\/schema.org\",\"@graph\":[{\"@type\":\"WebPage\",\"@id\":\"https:\/\/jmawireless.com\/it\/jma-soluzioni\/\",\"url\":\"https:\/\/jmawireless.com\/it\/jma-soluzioni\/\",\"name\":\"JMA Soluzioni - JMA\",\"isPartOf\":{\"@id\":\"https:\/\/jmawireless.com\/it\/#website\"},\"primaryImageOfPage\":{\"@id\":\"https:\/\/jmawireless.com\/it\/jma-soluzioni\/#primaryimage\"},\"image\":{\"@id\":\"https:\/\/jmawireless.com\/it\/jma-soluzioni\/#primaryimage\"},\"thumbnailUrl\":\"https:\/\/jmawireless.com\/wp-content\/uploads\/2024\/10\/jma-solutions-distributed-antenna-systems.jpg\",\"datePublished\":\"2023-08-25T09:54:59+00:00\",\"dateModified\":\"2025-12-05T16:17:32+00:00\",\"breadcrumb\":{\"@id\":\"https:\/\/jmawireless.com\/it\/jma-soluzioni\/#breadcrumb\"},\"inLanguage\":\"it-IT\",\"potentialAction\":[{\"@type\":\"ReadAction\",\"target\":[\"https:\/\/jmawireless.com\/it\/jma-soluzioni\/\"]}]},{\"@type\":\"ImageObject\",\"inLanguage\":\"it-IT\",\"@id\":\"https:\/\/jmawireless.com\/it\/jma-soluzioni\/#primaryimage\",\"url\":\"https:\/\/jmawireless.com\/wp-content\/uploads\/2024\/10\/jma-solutions-distributed-antenna-systems.jpg\",\"contentUrl\":\"https:\/\/jmawireless.com\/wp-content\/uploads\/2024\/10\/jma-solutions-distributed-antenna-systems.jpg\"},{\"@type\":\"BreadcrumbList\",\"@id\":\"https:\/\/jmawireless.com\/it\/jma-soluzioni\/#breadcrumb\",\"itemListElement\":[{\"@type\":\"ListItem\",\"position\":1,\"name\":\"Home\",\"item\":\"https:\/\/jmawireless.com\/it\/\"},{\"@type\":\"ListItem\",\"position\":2,\"name\":\"JMA Soluzioni\"}]},{\"@type\":\"WebSite\",\"@id\":\"https:\/\/jmawireless.com\/it\/#website\",\"url\":\"https:\/\/jmawireless.com\/it\/\",\"name\":\"JMA\",\"description\":\"Redefining wireless\",\"publisher\":{\"@id\":\"https:\/\/jmawireless.com\/it\/#organization\"},\"potentialAction\":[{\"@type\":\"SearchAction\",\"target\":{\"@type\":\"EntryPoint\",\"urlTemplate\":\"https:\/\/jmawireless.com\/it\/?s={search_term_string}\"},\"query-input\":{\"@type\":\"PropertyValueSpecification\",\"valueRequired\":true,\"valueName\":\"search_term_string\"}}],\"inLanguage\":\"it-IT\"},{\"@type\":\"Organization\",\"@id\":\"https:\/\/jmawireless.com\/it\/#organization\",\"name\":\"JMA\",\"url\":\"https:\/\/jmawireless.com\/it\/\",\"logo\":{\"@type\":\"ImageObject\",\"inLanguage\":\"it-IT\",\"@id\":\"https:\/\/jmawireless.com\/it\/#\/schema\/logo\/image\/\",\"url\":\"https:\/\/jmawireless.com\/wp-content\/uploads\/2023\/09\/JMA-logo.svg\",\"contentUrl\":\"https:\/\/jmawireless.com\/wp-content\/uploads\/2023\/09\/JMA-logo.svg\",\"width\":92,\"height\":50,\"caption\":\"JMA\"},\"image\":{\"@id\":\"https:\/\/jmawireless.com\/it\/#\/schema\/logo\/image\/\"}}]}<\/script>\n<!-- \/ Yoast SEO plugin. -->","yoast_head_json":{"title":"JMA Soluzioni - JMA","robots":{"index":"index","follow":"follow","max-snippet":"max-snippet:-1","max-image-preview":"max-image-preview:large","max-video-preview":"max-video-preview:-1"},"canonical":"https:\/\/jmawireless.com\/it\/jma-soluzioni\/","og_locale":"it_IT","og_type":"article","og_title":"JMA Soluzioni - JMA","og_description":"JMA SOLUTIONS Ripensare il wirelessper ottimizzarela tua attivit\u00e0. Play video Play video Button CTA Button CTA Button CTA Button CTA Jump to section Overview JMA Wireless \u00e8 leader dell&#8217;innovazione globale per le soluzioni di connettivit\u00e0 mobile wireless che garantiscono affidabilit\u00e0 per le infrastrutture, semplificano gli interventi di assistenza e ottimizzano le prestazioni wireless. Grazie a [&hellip;]","og_url":"https:\/\/jmawireless.com\/it\/jma-soluzioni\/","og_site_name":"JMA","article_modified_time":"2025-12-05T16:17:32+00:00","og_image":[{"url":"https:\/\/jmawireless.com\/wp-content\/uploads\/2024\/10\/jma-solutions-distributed-antenna-systems.jpg","type":"","width":"","height":""}],"twitter_card":"summary_large_image","twitter_misc":{"Tempo di lettura stimato":"2 minuti"},"schema":{"@context":"https:\/\/schema.org","@graph":[{"@type":"WebPage","@id":"https:\/\/jmawireless.com\/it\/jma-soluzioni\/","url":"https:\/\/jmawireless.com\/it\/jma-soluzioni\/","name":"JMA Soluzioni - JMA","isPartOf":{"@id":"https:\/\/jmawireless.com\/it\/#website"},"primaryImageOfPage":{"@id":"https:\/\/jmawireless.com\/it\/jma-soluzioni\/#primaryimage"},"image":{"@id":"https:\/\/jmawireless.com\/it\/jma-soluzioni\/#primaryimage"},"thumbnailUrl":"https:\/\/jmawireless.com\/wp-content\/uploads\/2024\/10\/jma-solutions-distributed-antenna-systems.jpg","datePublished":"2023-08-25T09:54:59+00:00","dateModified":"2025-12-05T16:17:32+00:00","breadcrumb":{"@id":"https:\/\/jmawireless.com\/it\/jma-soluzioni\/#breadcrumb"},"inLanguage":"it-IT","potentialAction":[{"@type":"ReadAction","target":["https:\/\/jmawireless.com\/it\/jma-soluzioni\/"]}]},{"@type":"ImageObject","inLanguage":"it-IT","@id":"https:\/\/jmawireless.com\/it\/jma-soluzioni\/#primaryimage","url":"https:\/\/jmawireless.com\/wp-content\/uploads\/2024\/10\/jma-solutions-distributed-antenna-systems.jpg","contentUrl":"https:\/\/jmawireless.com\/wp-content\/uploads\/2024\/10\/jma-solutions-distributed-antenna-systems.jpg"},{"@type":"BreadcrumbList","@id":"https:\/\/jmawireless.com\/it\/jma-soluzioni\/#breadcrumb","itemListElement":[{"@type":"ListItem","position":1,"name":"Home","item":"https:\/\/jmawireless.com\/it\/"},{"@type":"ListItem","position":2,"name":"JMA Soluzioni"}]},{"@type":"WebSite","@id":"https:\/\/jmawireless.com\/it\/#website","url":"https:\/\/jmawireless.com\/it\/","name":"JMA","description":"Redefining wireless","publisher":{"@id":"https:\/\/jmawireless.com\/it\/#organization"},"potentialAction":[{"@type":"SearchAction","target":{"@type":"EntryPoint","urlTemplate":"https:\/\/jmawireless.com\/it\/?s={search_term_string}"},"query-input":{"@type":"PropertyValueSpecification","valueRequired":true,"valueName":"search_term_string"}}],"inLanguage":"it-IT"},{"@type":"Organization","@id":"https:\/\/jmawireless.com\/it\/#organization","name":"JMA","url":"https:\/\/jmawireless.com\/it\/","logo":{"@type":"ImageObject","inLanguage":"it-IT","@id":"https:\/\/jmawireless.com\/it\/#\/schema\/logo\/image\/","url":"https:\/\/jmawireless.com\/wp-content\/uploads\/2023\/09\/JMA-logo.svg","contentUrl":"https:\/\/jmawireless.com\/wp-content\/uploads\/2023\/09\/JMA-logo.svg","width":92,"height":50,"caption":"JMA"},"image":{"@id":"https:\/\/jmawireless.com\/it\/#\/schema\/logo\/image\/"}}]}},"_links":{"self":[{"href":"https:\/\/jmawireless.com\/it\/wp-json\/wp\/v2\/pages\/17422","targetHints":{"allow":["GET"]}}],"collection":[{"href":"https:\/\/jmawireless.com\/it\/wp-json\/wp\/v2\/pages"}],"about":[{"href":"https:\/\/jmawireless.com\/it\/wp-json\/wp\/v2\/types\/page"}],"author":[{"embeddable":true,"href":"https:\/\/jmawireless.com\/it\/wp-json\/wp\/v2\/users\/4"}],"replies":[{"embeddable":true,"href":"https:\/\/jmawireless.com\/it\/wp-json\/wp\/v2\/comments?post=17422"}],"version-history":[{"count":28,"href":"https:\/\/jmawireless.com\/it\/wp-json\/wp\/v2\/pages\/17422\/revisions"}],"predecessor-version":[{"id":24640,"href":"https:\/\/jmawireless.com\/it\/wp-json\/wp\/v2\/pages\/17422\/revisions\/24640"}],"wp:attachment":[{"href":"https:\/\/jmawireless.com\/it\/wp-json\/wp\/v2\/media?parent=17422"}],"wp:term":[{"taxonomy":"category","embeddable":true,"href":"https:\/\/jmawireless.com\/it\/wp-json\/wp\/v2\/categories?post=17422"},{"taxonomy":"post_tag","embeddable":true,"href":"https:\/\/jmawireless.com\/it\/wp-json\/wp\/v2\/tags?post=17422"}],"curies":[{"name":"wp","href":"https:\/\/api.w.org\/{rel}","templated":true}]}}